{"id":205,"date":"2026-01-04T17:01:29","date_gmt":"2026-01-04T17:01:29","guid":{"rendered":"http:\/\/dnexpert.site\/?post_type=product&#038;p=205"},"modified":"2026-02-19T00:22:09","modified_gmt":"2026-02-19T00:22:09","slug":"pack-vidange-mannol-5w-30-longlife-et-produit-de-rincage-motor-flush","status":"publish","type":"product","link":"https:\/\/dnexpert.site\/index.php\/product\/pack-vidange-mannol-5w-30-longlife-et-produit-de-rincage-motor-flush\/","title":{"rendered":"Pack vidange mannol 5w-30 Longlife et produit de rin\u00e7age motor flush"},"content":{"rendered":"<p>Huile moteur 100% synth\u00e9tique haut de gamme (contenant des PAO) pour moteurs essence et diesel modernes du groupe VW (y compris \u00e0 injection directe), avec ou sans turbocompresseur, notamment ceux \u00e9quip\u00e9s d&#8217;une pompe d&#8217;injection.<\/p>\n<p>Caract\u00e9ristiques du produit\u00a0:<\/p>\n<p>&#8211; Gr\u00e2ce \u00e0 son module de friction, elle poss\u00e8de d&#8217;excellentes propri\u00e9t\u00e9s anti-usure et anti-friction, assurant un fonctionnement optimal et durable de la pompe d&#8217;injection et de l&#8217;ensemble du syst\u00e8me d&#8217;injection, et r\u00e9duisant ainsi l&#8217;usure de l&#8217;arbre \u00e0 cames\u00a0;<\/p>\n<p>&#8211; Gr\u00e2ce \u00e0 ses excellentes propri\u00e9t\u00e9s nettoyantes et dispersantes, ainsi qu&#8217;\u00e0 sa grande stabilit\u00e9 \u00e0 l&#8217;oxydation thermique, elle pr\u00e9vient efficacement tous types de d\u00e9p\u00f4ts et maintient la propret\u00e9 des diff\u00e9rentes pi\u00e8ces du moteur pendant toute la dur\u00e9e de la vidange\u00a0;<\/p>\n<p>&#8211; Elle am\u00e9liore le rendement \u00e9nerg\u00e9tique gr\u00e2ce \u00e0 ses propri\u00e9t\u00e9s anti-friction id\u00e9ales\u00a0;<\/p>\n<p>&#8211; Sa base 100% synth\u00e9tique lui conf\u00e8re un point d&#8217;\u00e9coulement bas (-45\u00a0\u00b0C et moins) et garantit un d\u00e9marrage \u00e0 froid ais\u00e9 gr\u00e2ce \u00e0 son excellente circulation et pompabilit\u00e9, r\u00e9duisant significativement l&#8217;usure du moteur au d\u00e9marrage\u00a0; &#8211; Elle poss\u00e8de une viscosit\u00e9 id\u00e9ale sur une large plage de temp\u00e9ratures pour assurer des performances stables dans toutes les conditions d&#8217;utilisation, y compris en ville et en cas de surcharge.<\/p>\n<p>Gr\u00e2ce \u00e0 sa haute stabilit\u00e9 thermique \u00e0 l&#8217;oxydation, cette huile r\u00e9siste efficacement au vieillissement.<\/p>\n<p>Compatible avec tous les syst\u00e8mes de post-traitement des gaz d&#8217;\u00e9chappement (FAP, catalyseur trois voies, vanne EGR et SCR) gr\u00e2ce \u00e0 la technologie Mid SAPS, elle est id\u00e9ale pour les moteurs \u00e0 intervalles de vidange prolong\u00e9s (dur\u00e9e de vie jusqu&#8217;\u00e0 30\u00a0000 km) et les moteurs conventionnels.<\/p>\n<p>Adapt\u00e9e aux moteurs GNL et GPL, elle est con\u00e7ue pour les moteurs essence et diesel Euro IV et Euro V d&#8217;une large gamme de v\u00e9hicules Volkswagen (voitures particuli\u00e8res, v\u00e9hicules utilitaires l\u00e9gers, fourgonnettes et camions l\u00e9gers) r\u00e9pondant aux exigences sp\u00e9cifiques en mati\u00e8re d&#8217;huile moteur (sp\u00e9cifications 504 00\/507 00 et ant\u00e9rieures).<\/p>\n<p>Cette huile n&#8217;est pas adapt\u00e9e aux poids lourds et v\u00e9hicules similaires.<\/p>\n","protected":false},"excerpt":{"rendered":"<p>Huile moteur 100% synth\u00e9tique haut de gamme (contenant des PAO) pour moteurs essence et diesel modernes du groupe VW (y compris \u00e0 injection directe), avec ou sans turbocompresseur, notamment ceux \u00e9quip\u00e9s d&#8217;une pompe d&#8217;injection.<\/p>\n","protected":false},"featured_media":206,"comment_status":"open","ping_status":"closed","template":"","meta":{"site-sidebar-layout":"default","site-content-layout":"","ast-site-content-layout":"default","site-content-style":"default","site-sidebar-style":"default","ast-global-header-display":"","ast-banner-title-visibility":"","ast-main-header-display":"","ast-hfb-above-header-display":"","ast-hfb-below-header-display":"","ast-hfb-mobile-header-display":"","site-post-title":"","ast-breadcrumbs-content":"","ast-featured-img":"","footer-sml-layout":"","ast-disable-related-posts":"","theme-transparent-header-meta":"default","adv-header-id-meta":"","stick-header-meta":"","header-above-stick-meta":"","header-main-stick-meta":"","header-below-stick-meta":"","astra-migrate-meta-layouts":"set","ast-page-background-enabled":"default","ast-page-background-meta":{"desktop":{"background-color":"var(--ast-global-color-5)","background-image":"","background-repeat":"repeat","background-position":"center center","background-size":"auto","background-attachment":"scroll","background-type":"","background-media":"","overlay-type":"","overlay-color":"","overlay-opacity":"","overlay-gradient":""},"tablet":{"background-color":"","background-image":"","background-repeat":"repeat","background-position":"center center","background-size":"auto","background-attachment":"scroll","background-type":"","background-media":"","overlay-type":"","overlay-color":"","overlay-opacity":"","overlay-gradient":""},"mobile":{"background-color":"","background-image":"","background-repeat":"repeat","background-position":"center center","background-size":"auto","background-attachment":"scroll","background-type":"","background-media":"","overlay-type":"","overlay-color":"","overlay-opacity":"","overlay-gradient":""}},"ast-content-background-meta":{"desktop":{"background-color":"var(--ast-global-color-4)","background-image":"","background-repeat":"repeat","background-position":"center center","background-size":"auto","background-attachment":"scroll","background-type":"","background-media":"","overlay-type":"","overlay-color":"","overlay-opacity":"","overlay-gradient":""},"tablet":{"background-color":"var(--ast-global-color-4)","background-image":"","background-repeat":"repeat","background-position":"center center","background-size":"auto","background-attachment":"scroll","background-type":"","background-media":"","overlay-type":"","overlay-color":"","overlay-opacity":"","overlay-gradient":""},"mobile":{"background-color":"var(--ast-global-color-4)","background-image":"","background-repeat":"repeat","background-position":"center center","background-size":"auto","background-attachment":"scroll","background-type":"","background-media":"","overlay-type":"","overlay-color":"","overlay-opacity":"","overlay-gradient":""}}},"product_brand":[],"product_cat":[29],"product_tag":[],"class_list":{"0":"post-205","1":"product","2":"type-product","3":"status-publish","4":"has-post-thumbnail","6":"product_cat-packages-vidange","7":"desktop-align-left","8":"tablet-align-left","9":"mobile-align-left","11":"first","12":"instock","13":"sale","14":"taxable","15":"shipping-taxable","16":"purchasable","17":"product-type-simple"},"jetpack_sharing_enabled":true,"_links":{"self":[{"href":"https:\/\/dnexpert.site\/index.php\/wp-json\/wp\/v2\/product\/205","targetHints":{"allow":["GET"]}}],"collection":[{"href":"https:\/\/dnexpert.site\/index.php\/wp-json\/wp\/v2\/product"}],"about":[{"href":"https:\/\/dnexpert.site\/index.php\/wp-json\/wp\/v2\/types\/product"}],"replies":[{"embeddable":true,"href":"https:\/\/dnexpert.site\/index.php\/wp-json\/wp\/v2\/comments?post=205"}],"wp:featuredmedia":[{"embeddable":true,"href":"https:\/\/dnexpert.site\/index.php\/wp-json\/wp\/v2\/media\/206"}],"wp:attachment":[{"href":"https:\/\/dnexpert.site\/index.php\/wp-json\/wp\/v2\/media?parent=205"}],"wp:term":[{"taxonomy":"product_brand","embeddable":true,"href":"https:\/\/dnexpert.site\/index.php\/wp-json\/wp\/v2\/product_brand?post=205"},{"taxonomy":"product_cat","embeddable":true,"href":"https:\/\/dnexpert.site\/index.php\/wp-json\/wp\/v2\/product_cat?post=205"},{"taxonomy":"product_tag","embeddable":true,"href":"https:\/\/dnexpert.site\/index.php\/wp-json\/wp\/v2\/product_tag?post=205"}],"curies":[{"name":"wp","href":"https:\/\/api.w.org\/{rel}","templated":true}]}}