{"id":202,"date":"2026-01-04T17:00:08","date_gmt":"2026-01-04T17:00:08","guid":{"rendered":"http:\/\/dnexpert.site\/?post_type=product&#038;p=202"},"modified":"2026-01-04T17:00:09","modified_gmt":"2026-01-04T17:00:09","slug":"pack-vidange-mannol-10w-40-et-produit-de-rincage-motor-flush","status":"publish","type":"product","link":"https:\/\/dnexpert.site\/index.php\/product\/pack-vidange-mannol-10w-40-et-produit-de-rincage-motor-flush\/","title":{"rendered":"pack vidange mannol 10w-40 et produit de rin\u00e7age motor flush"},"content":{"rendered":"<p>Huile moteur synth\u00e9tique universelle \u00e0 base d&#8217;ester, con\u00e7ue pour les moteurs essence et diesel modernes, turbocompress\u00e9s ou atmosph\u00e9riques, \u00e0 injection directe ou multisoupapes, y compris les mod\u00e8les anciens et les v\u00e9hicules \u00e0 kilom\u00e9trage \u00e9lev\u00e9. Sa formulation r\u00e9pond aux exigences des constructeurs europ\u00e9ens.<\/p>\n<p>Caract\u00e9ristiques du produit\u00a0:<\/p>\n<p>&#8211; La technologie ester, associ\u00e9e \u00e0 une base HC et \u00e0 une plage de viscosit\u00e9 \u00e9tendue en fonction de la temp\u00e9rature, garantit un fonctionnement optimal du moteur dans toutes les conditions\u00a0: d\u00e9marrages \u00e0 froid, conduite urbaine et autorouti\u00e8re, sous forte charge (tout-terrain, mont\u00e9es, remorquage, conduite \u00e0 pleine charge) et par temp\u00e9ratures ambiantes \u00e9lev\u00e9es\u00a0;<\/p>\n<p>&#8211; Excellente pour une conduite dynamique. Gr\u00e2ce \u00e0 son indice de basicit\u00e9 total (TBN) \u00e9lev\u00e9, elle conserve ses performances m\u00eame avec des carburants de qualit\u00e9 variable (jusqu&#8217;\u00e0 500\u00a0ppm de soufre)\u00a0;<\/p>\n<p>&#8211; Maintient la puissance et les performances du moteur tout au long de l&#8217;intervalle entre les vidanges\u00a0; &#8211; Sa formulation \u00e0 base d&#8217;ester, associ\u00e9e \u00e0 un ensemble d&#8217;additifs modernes et uniques, offre d&#8217;excellentes propri\u00e9t\u00e9s anti-usure et antifriction gr\u00e2ce \u00e0 la durabilit\u00e9 exceptionnelle du film d&#8217;huile. Associ\u00e9e \u00e0 une excellente pompabilit\u00e9, cette huile prolonge significativement la dur\u00e9e de vie du moteur, m\u00eame sur les v\u00e9hicules \u00e9quip\u00e9s d&#8217;un syst\u00e8me start-stop et lors des d\u00e9marrages \u00e0 froid.<\/p>\n<p>Ses excellentes propri\u00e9t\u00e9s nettoyantes et dispersantes, ainsi que sa stabilit\u00e9 thermique \u00e0 l&#8217;oxydation sup\u00e9rieure, pr\u00e9viennent efficacement tous types de d\u00e9p\u00f4ts (y compris les vernis et les suies) et maintiennent les pi\u00e8ces du moteur exceptionnellement propres entre les vidanges.<\/p>\n<p>Convient aux moteurs fonctionnant au gaz naturel liqu\u00e9fi\u00e9 (GNL) et au p\u00e9trole (GPL).<\/p>\n<p>Con\u00e7ue pour les moteurs essence et diesel d&#8217;une large gamme de v\u00e9hicules (voitures, SUV l\u00e9gers, fourgonnettes et camionnettes) de marques europ\u00e9ennes et autres. Recommand\u00e9e pour les moteurs Daimler, Volkswagen et Renault.<\/p>\n<p>Cette huile n&#8217;est pas adapt\u00e9e aux poids lourds et v\u00e9hicules similaires. Le nettoyant moteur est un produit sp\u00e9cialis\u00e9 qui \u00e9limine les d\u00e9p\u00f4ts, les impuret\u00e9s, les boues et les produits de corrosion des pi\u00e8ces du moteur, y compris les composants difficiles d&#8217;acc\u00e8s du circuit de lubrification.<\/p>\n<p>Caract\u00e9ristiques du produit\u00a0:<\/p>\n<p>Nettoie le circuit de lubrification et les filtres de la pompe \u00e0 huile. Lors du rin\u00e7age, ce produit assure une lubrification fiable, pr\u00e9venant ainsi l&#8217;usure des pi\u00e8ces du moteur. Gr\u00e2ce \u00e0 sa formule unique d&#8217;additifs d\u00e9tergents dispersants, il garantit une \u00e9limination tr\u00e8s efficace et s\u00fbre des d\u00e9p\u00f4ts de carbone, y compris ceux pr\u00e9sents au fond du piston.<\/p>\n<p>&#8211; \u00c9limine les contaminants solubles et insolubles dans l&#8217;huile.<\/p>\n<p>&#8211; Nettoyage en douceur de toutes les pi\u00e8ces et composants du moteur, sans risque de dommages.<\/p>\n<p>&#8211; Neutre pour les joints existants.<\/p>\n<p>&#8211; Miscible avec tous types d&#8217;huiles moteur (min\u00e9rale, synth\u00e9tique, etc.), il peut \u00eatre utilis\u00e9 pour nettoyer tout moteur essence ou diesel, avec ou sans turbocompresseur, et avec ou sans syst\u00e8me d&#8217;\u00e9puration des gaz d&#8217;\u00e9chappement.<\/p>\n<p>&#8211; Est enti\u00e8rement \u00e9vacu\u00e9 du syst\u00e8me avec l&#8217;huile usag\u00e9e.<\/p>\n<p>Application\u00a0: \u00c0 temp\u00e9rature de fonctionnement du moteur, ajoutez le contenu du r\u00e9cipient \u00e0 l&#8217;huile moteur usag\u00e9e avant la vidange. Apr\u00e8s 10\u00a0minutes de fonctionnement, vidangez l&#8217;huile usag\u00e9e, remplacez le filtre et remplissez avec de l&#8217;huile neuve (ne conduisez pas le v\u00e9hicule tant que la nouvelle huile n&#8217;a pas \u00e9t\u00e9 ajout\u00e9e\u00a0!).<\/p>\n","protected":false},"excerpt":{"rendered":"<p>Huile moteur synth\u00e9tique universelle \u00e0 base d&#8217;ester, con\u00e7ue pour les moteurs essence et diesel modernes, turbocompress\u00e9s ou atmosph\u00e9riques, \u00e0 injection directe ou multisoupapes, y compris les mod\u00e8les anciens et les v\u00e9hicules \u00e0 kilom\u00e9trage \u00e9lev\u00e9. Sa formulation r\u00e9pond aux exigences des constructeurs europ\u00e9ens.<\/p>\n","protected":false},"featured_media":204,"comment_status":"open","ping_status":"closed","template":"","meta":{"site-sidebar-layout":"default","site-content-layout":"","ast-site-content-layout":"default","site-content-style":"default","site-sidebar-style":"default","ast-global-header-display":"","ast-banner-title-visibility":"","ast-main-header-display":"","ast-hfb-above-header-display":"","ast-hfb-below-header-display":"","ast-hfb-mobile-header-display":"","site-post-title":"","ast-breadcrumbs-content":"","ast-featured-img":"","footer-sml-layout":"","ast-disable-related-posts":"","theme-transparent-header-meta":"default","adv-header-id-meta":"","stick-header-meta":"","header-above-stick-meta":"","header-main-stick-meta":"","header-below-stick-meta":"","astra-migrate-meta-layouts":"set","ast-page-background-enabled":"default","ast-page-background-meta":{"desktop":{"background-color":"var(--ast-global-color-5)","background-image":"","background-repeat":"repeat","background-position":"center center","background-size":"auto","background-attachment":"scroll","background-type":"","background-media":"","overlay-type":"","overlay-color":"","overlay-opacity":"","overlay-gradient":""},"tablet":{"background-color":"","background-image":"","background-repeat":"repeat","background-position":"center center","background-size":"auto","background-attachment":"scroll","background-type":"","background-media":"","overlay-type":"","overlay-color":"","overlay-opacity":"","overlay-gradient":""},"mobile":{"background-color":"","background-image":"","background-repeat":"repeat","background-position":"center center","background-size":"auto","background-attachment":"scroll","background-type":"","background-media":"","overlay-type":"","overlay-color":"","overlay-opacity":"","overlay-gradient":""}},"ast-content-background-meta":{"desktop":{"background-color":"var(--ast-global-color-4)","background-image":"","background-repeat":"repeat","background-position":"center center","background-size":"auto","background-attachment":"scroll","background-type":"","background-media":"","overlay-type":"","overlay-color":"","overlay-opacity":"","overlay-gradient":""},"tablet":{"background-color":"var(--ast-global-color-4)","background-image":"","background-repeat":"repeat","background-position":"center center","background-size":"auto","background-attachment":"scroll","background-type":"","background-media":"","overlay-type":"","overlay-color":"","overlay-opacity":"","overlay-gradient":""},"mobile":{"background-color":"var(--ast-global-color-4)","background-image":"","background-repeat":"repeat","background-position":"center center","background-size":"auto","background-attachment":"scroll","background-type":"","background-media":"","overlay-type":"","overlay-color":"","overlay-opacity":"","overlay-gradient":""}}},"product_brand":[],"product_cat":[29],"product_tag":[],"class_list":{"0":"post-202","1":"product","2":"type-product","3":"status-publish","4":"has-post-thumbnail","6":"product_cat-packages-vidange","7":"desktop-align-left","8":"tablet-align-left","9":"mobile-align-left","11":"first","12":"instock","13":"sale","14":"shipping-taxable","15":"purchasable","16":"product-type-simple"},"jetpack_sharing_enabled":true,"_links":{"self":[{"href":"https:\/\/dnexpert.site\/index.php\/wp-json\/wp\/v2\/product\/202","targetHints":{"allow":["GET"]}}],"collection":[{"href":"https:\/\/dnexpert.site\/index.php\/wp-json\/wp\/v2\/product"}],"about":[{"href":"https:\/\/dnexpert.site\/index.php\/wp-json\/wp\/v2\/types\/product"}],"replies":[{"embeddable":true,"href":"https:\/\/dnexpert.site\/index.php\/wp-json\/wp\/v2\/comments?post=202"}],"wp:featuredmedia":[{"embeddable":true,"href":"https:\/\/dnexpert.site\/index.php\/wp-json\/wp\/v2\/media\/204"}],"wp:attachment":[{"href":"https:\/\/dnexpert.site\/index.php\/wp-json\/wp\/v2\/media?parent=202"}],"wp:term":[{"taxonomy":"product_brand","embeddable":true,"href":"https:\/\/dnexpert.site\/index.php\/wp-json\/wp\/v2\/product_brand?post=202"},{"taxonomy":"product_cat","embeddable":true,"href":"https:\/\/dnexpert.site\/index.php\/wp-json\/wp\/v2\/product_cat?post=202"},{"taxonomy":"product_tag","embeddable":true,"href":"https:\/\/dnexpert.site\/index.php\/wp-json\/wp\/v2\/product_tag?post=202"}],"curies":[{"name":"wp","href":"https:\/\/api.w.org\/{rel}","templated":true}]}}