{"id":200,"date":"2026-01-04T16:58:12","date_gmt":"2026-01-04T16:58:12","guid":{"rendered":"http:\/\/dnexpert.site\/?post_type=product&#038;p=200"},"modified":"2026-01-04T16:58:12","modified_gmt":"2026-01-04T16:58:12","slug":"mannol-longlife-504-507-5w-30-avec-produit-previdange","status":"publish","type":"product","link":"https:\/\/dnexpert.site\/index.php\/product\/mannol-longlife-504-507-5w-30-avec-produit-previdange\/","title":{"rendered":"Mannol Longlife 504\/507 5W-30 avec Produit Pr\u00e9vidange"},"content":{"rendered":"<p>Huile moteur premium universelle enti\u00e8rement synth\u00e9tique (contient du PAO) pour les moteurs \u00e0 essence et diesel modernes des voitures du groupe VW (y compris l&#8217;injection directe) avec et sans turbocompresseur, y compris ceux \u00e9quip\u00e9s d&#8217;injecteurs-pompees (Pumpee-D\u00fcse).<br \/>\nPropri\u00e9t\u00e9s du produit :- Gr\u00e2ce \u00e0 ses modificateurs de friction sp\u00e9ciaux, il poss\u00e8de d&#8217;excellentes propri\u00e9t\u00e9s anti-usure, anti-grippage et anti-friction, ce qui garantit un fonctionnement long et sans probl\u00e8me du syst\u00e8me pompeE-injecteur et de l&#8217;ensemble du syst\u00e8me de distribution de gaz, r\u00e9duisant l&#8217;usure des cames ;- En raison de ses excellentes propri\u00e9t\u00e9s d\u00e9tergentes et dispersantes et de sa stabilit\u00e9 thermique \u00e9lev\u00e9e \u00e0 l&#8217;oxydation, il pr\u00e9vient efficacement toutes sortes de d\u00e9p\u00f4ts et maintient les pi\u00e8ces du moteur propres tout au long de l&#8217;intervalle de vidange d&#8217;huile ;- \u00c9conomise du carburant gr\u00e2ce \u00e0 ses propri\u00e9t\u00e9s anti-friction optimales ;- La base enti\u00e8rement synth\u00e9tique assure un point d&#8217;\u00e9coulement bas (-45 \u00b0C et moins) et assure un d\u00e9marrage \u00e0 froid facile gr\u00e2ce \u00e0 sa maniabilit\u00e9 et ses propri\u00e9t\u00e9s de pompage exceptionnelles, ce qui r\u00e9duit consid\u00e9rablement l&#8217;usure du moteur au d\u00e9marrage ;- A une viscosit\u00e9 optimale sur une large plage de temp\u00e9ratures pour assurer des performances stables dans toutes les conditions de fonctionnement, y compris la conduite en ville et la surcharge ;- En raison de sa grande stabilit\u00e9 thermo-oxydative, il r\u00e9siste efficacement au vieillissement ;- Compatible avec tous les syst\u00e8mes de post-traitement des gaz d&#8217;\u00e9chappement, DPF, TWC, EGR et SCR gr\u00e2ce \u00e0 la technologie Mid SAPS ;- Pour une utilisation dans les moteurs avec des intervalles de vidange d&#8217;huile prolong\u00e9s (Long Life jusqu&#8217;\u00e0 30 000 km) et les moteurs conventionnels ;- Convient aux moteurs au gaz naturel liqu\u00e9fi\u00e9 (GNL) et au gaz de p\u00e9trole (GPL).<br \/>\nCon\u00e7u pour les moteurs essence et diesel EURO IV et EURO V pour une large gamme de v\u00e9hicules VW (voitures particuli\u00e8res, v\u00e9hicules tout-terrain l\u00e9gers, fourgonnettes et camionnettes) avec des exigences suppl\u00e9mentaires pour les huiles moteur selon la sp\u00e9cification 504 00\/507 00 et la ceux qui le pr\u00e9c\u00e8dent.L&#8217;huile ne convient pas pour une utilisation dans les poids lourds et v\u00e9hicules similaires<\/p>\n","protected":false},"excerpt":{"rendered":"<p>Huile moteur premium universelle enti\u00e8rement synth\u00e9tique (contient du PAO) pour les moteurs \u00e0 essence et diesel modernes des voitures du groupe VW (y compris l&#8217;injection directe) avec et sans turbocompresseur, y compris ceux \u00e9quip\u00e9s d&#8217;injecteurs-pompees (Pumpee-D\u00fcse).<\/p>\n","protected":false},"featured_media":201,"comment_status":"open","ping_status":"closed","template":"","meta":{"site-sidebar-layout":"default","site-content-layout":"","ast-site-content-layout":"default","site-content-style":"default","site-sidebar-style":"default","ast-global-header-display":"","ast-banner-title-visibility":"","ast-main-header-display":"","ast-hfb-above-header-display":"","ast-hfb-below-header-display":"","ast-hfb-mobile-header-display":"","site-post-title":"","ast-breadcrumbs-content":"","ast-featured-img":"","footer-sml-layout":"","ast-disable-related-posts":"","theme-transparent-header-meta":"default","adv-header-id-meta":"","stick-header-meta":"","header-above-stick-meta":"","header-main-stick-meta":"","header-below-stick-meta":"","astra-migrate-meta-layouts":"set","ast-page-background-enabled":"default","ast-page-background-meta":{"desktop":{"background-color":"var(--ast-global-color-5)","background-image":"","background-repeat":"repeat","background-position":"center center","background-size":"auto","background-attachment":"scroll","background-type":"","background-media":"","overlay-type":"","overlay-color":"","overlay-opacity":"","overlay-gradient":""},"tablet":{"background-color":"","background-image":"","background-repeat":"repeat","background-position":"center center","background-size":"auto","background-attachment":"scroll","background-type":"","background-media":"","overlay-type":"","overlay-color":"","overlay-opacity":"","overlay-gradient":""},"mobile":{"background-color":"","background-image":"","background-repeat":"repeat","background-position":"center center","background-size":"auto","background-attachment":"scroll","background-type":"","background-media":"","overlay-type":"","overlay-color":"","overlay-opacity":"","overlay-gradient":""}},"ast-content-background-meta":{"desktop":{"background-color":"var(--ast-global-color-4)","background-image":"","background-repeat":"repeat","background-position":"center center","background-size":"auto","background-attachment":"scroll","background-type":"","background-media":"","overlay-type":"","overlay-color":"","overlay-opacity":"","overlay-gradient":""},"tablet":{"background-color":"var(--ast-global-color-4)","background-image":"","background-repeat":"repeat","background-position":"center center","background-size":"auto","background-attachment":"scroll","background-type":"","background-media":"","overlay-type":"","overlay-color":"","overlay-opacity":"","overlay-gradient":""},"mobile":{"background-color":"var(--ast-global-color-4)","background-image":"","background-repeat":"repeat","background-position":"center center","background-size":"auto","background-attachment":"scroll","background-type":"","background-media":"","overlay-type":"","overlay-color":"","overlay-opacity":"","overlay-gradient":""}}},"product_brand":[],"product_cat":[29],"product_tag":[],"class_list":{"0":"post-200","1":"product","2":"type-product","3":"status-publish","4":"has-post-thumbnail","6":"product_cat-packages-vidange","7":"desktop-align-left","8":"tablet-align-left","9":"mobile-align-left","11":"first","12":"instock","13":"sale","14":"shipping-taxable","15":"purchasable","16":"product-type-simple"},"jetpack_sharing_enabled":true,"_links":{"self":[{"href":"https:\/\/dnexpert.site\/index.php\/wp-json\/wp\/v2\/product\/200","targetHints":{"allow":["GET"]}}],"collection":[{"href":"https:\/\/dnexpert.site\/index.php\/wp-json\/wp\/v2\/product"}],"about":[{"href":"https:\/\/dnexpert.site\/index.php\/wp-json\/wp\/v2\/types\/product"}],"replies":[{"embeddable":true,"href":"https:\/\/dnexpert.site\/index.php\/wp-json\/wp\/v2\/comments?post=200"}],"wp:featuredmedia":[{"embeddable":true,"href":"https:\/\/dnexpert.site\/index.php\/wp-json\/wp\/v2\/media\/201"}],"wp:attachment":[{"href":"https:\/\/dnexpert.site\/index.php\/wp-json\/wp\/v2\/media?parent=200"}],"wp:term":[{"taxonomy":"product_brand","embeddable":true,"href":"https:\/\/dnexpert.site\/index.php\/wp-json\/wp\/v2\/product_brand?post=200"},{"taxonomy":"product_cat","embeddable":true,"href":"https:\/\/dnexpert.site\/index.php\/wp-json\/wp\/v2\/product_cat?post=200"},{"taxonomy":"product_tag","embeddable":true,"href":"https:\/\/dnexpert.site\/index.php\/wp-json\/wp\/v2\/product_tag?post=200"}],"curies":[{"name":"wp","href":"https:\/\/api.w.org\/{rel}","templated":true}]}}