{"id":192,"date":"2026-01-04T16:52:44","date_gmt":"2026-01-04T16:52:44","guid":{"rendered":"http:\/\/dnexpert.site\/?post_type=product&#038;p=192"},"modified":"2026-01-04T16:52:44","modified_gmt":"2026-01-04T16:52:44","slug":"mannol-pro-cool-4414","status":"publish","type":"product","link":"https:\/\/dnexpert.site\/index.php\/product\/mannol-pro-cool-4414\/","title":{"rendered":"MANNOL Pro Cool 4414"},"content":{"rendered":"<p>Une solution hybride (HOAT \u2013 Hybrid Organic Acid Technology) de haute technologie pr\u00eate \u00e0 l&#8217;emploi pour les deux-roues (ne n\u00e9cessitant pas de dilution et prot\u00e9geant le syst\u00e8me de refroidissement jusqu&#8217;\u00e0 -40\u00b0\u0421) avec d&#8217;excellentes propri\u00e9t\u00e9s de fonctionnement con\u00e7ue pour un utilisation toute l&#8217;ann\u00e9e dans tout syst\u00e8me de refroidissement moderne pour lequel l&#8217;utilisation d&#8217;antigel \u00e0 base de mono-\u00e9thyl\u00e8ne-glycol est recommand\u00e9e.<\/p>\n<p>Il assure une protection fiable de tout syst\u00e8me de refroidissement des v\u00e9hicules \u00e0 moteur \u00e0 deux roues.<\/p>\n<p><strong>Propri\u00e9t\u00e9s du produit :<\/strong><\/p>\n<p>&#8211; Il assure une protection renforc\u00e9e et stable des m\u00e9taux et alliages (laiton, cuivre, aciers alli\u00e9s, fonte, aluminium et ses alliages) contre toutes les formes de corrosion et pr\u00e9vient une corrosion \u00e0 haute temp\u00e9rature des surfaces en aluminium des moteurs modernes pendant toute la dur\u00e9e de vie de la solution ;<\/p>\n<p>&#8211; Le paquet d&#8217;additifs non organiques prot\u00e8ge la surface d&#8217;un coup et la partie organique ne commence \u00e0 agir que lorsque des sources de corrosion apparaissent ainsi une protection maximale est atteinte d\u00e8s le d\u00e9but de l&#8217;utilisation et la dur\u00e9e de vie du moteur est prolong\u00e9e ;<\/p>\n<p>&#8211; Il a une bonne stabilit\u00e9 thermique. Il prot\u00e8ge de la formation de d\u00e9p\u00f4ts;<\/p>\n<p>&#8211; Il a une excellente conductivit\u00e9 thermique et une r\u00e9sistance \u00e0 la formation de mousse et \u00e0 la cavitation, qui est stable pendant toute la dur\u00e9e de vie de la solution ;<\/p>\n<p>&#8211; Il est neutre pour les inserts et les tuyaux, compatible avec tous les types de pi\u00e8ces en caoutchouc et en plastique du syst\u00e8me de refroidissement ;<\/p>\n<p>&#8211; Il a une excellente r\u00e9sistance \u00e0 l&#8217;eau dure et des taux d&#8217;\u00e9puisement des inhibiteurs de corrosion tr\u00e8s faibles ;<\/p>\n<p>&#8211; Un ensemble d&#8217;additifs \u00e0 haute efficacit\u00e9 assure une stabilit\u00e9 exceptionnelle des propri\u00e9t\u00e9s de fonctionnement de l&#8217;antigel pendant toute la dur\u00e9e de vie ;<\/p>\n<p>&#8211; C&#8217;est un liquide avec un niveau \u00e9lev\u00e9 de borates et de silicates. Il ne contient pas de nitrates, phosphates et amines (la technologie sans NAP).<\/p>\n<p>Couleur : jaune.<\/p>\n<p>Il a \u00e9t\u00e9 sp\u00e9cialement d\u00e9velopp\u00e9 pour une utilisation dans les motos, scooters, quadricycles, VTT (v\u00e9hicules tout terrain) et autres types de v\u00e9hicules \u00e0 deux roues.<\/p>\n<p>Dur\u00e9e de vie : pas moins de 3 ans selon la recommandation du constructeur du v\u00e9hicule.<\/p>\n<p>Pour garantir les meilleures propri\u00e9t\u00e9s, ne pas diluer la solution !<\/p>\n<p>Ne pas laisser surchauffer le moteur \u00e0 plus de 135 \u00b0C \/ 275 \u00b0F (\u00e0 +1,5 bar).<\/p>\n<p>Respectez les instructions du fabricant fournies dans le manuel d&#8217;utilisation !<\/p>\n<p>Il contient un additif amer pour \u00e9viter d&#8217;avaler<\/p>\n","protected":false},"excerpt":{"rendered":"<p>Une solution hybride (HOAT \u2013 Hybrid Organic Acid Technology) de haute technologie pr\u00eate \u00e0 l&#8217;emploi pour les deux-roues (ne n\u00e9cessitant pas de dilution et prot\u00e9geant le syst\u00e8me de refroidissement jusqu&#8217;\u00e0 -40\u00b0\u0421) avec d&#8217;excellentes propri\u00e9t\u00e9s de fonctionnement con\u00e7ue pour un utilisation toute l&#8217;ann\u00e9e dans tout syst\u00e8me de refroidissement moderne pour lequel l&#8217;utilisation d&#8217;antigel \u00e0 base de mono-\u00e9thyl\u00e8ne-glycol est recommand\u00e9e.<\/p>\n","protected":false},"featured_media":193,"comment_status":"open","ping_status":"closed","template":"","meta":{"site-sidebar-layout":"default","site-content-layout":"","ast-site-content-layout":"default","site-content-style":"default","site-sidebar-style":"default","ast-global-header-display":"","ast-banner-title-visibility":"","ast-main-header-display":"","ast-hfb-above-header-display":"","ast-hfb-below-header-display":"","ast-hfb-mobile-header-display":"","site-post-title":"","ast-breadcrumbs-content":"","ast-featured-img":"","footer-sml-layout":"","ast-disable-related-posts":"","theme-transparent-header-meta":"default","adv-header-id-meta":"","stick-header-meta":"","header-above-stick-meta":"","header-main-stick-meta":"","header-below-stick-meta":"","astra-migrate-meta-layouts":"set","ast-page-background-enabled":"default","ast-page-background-meta":{"desktop":{"background-color":"var(--ast-global-color-5)","background-image":"","background-repeat":"repeat","background-position":"center center","background-size":"auto","background-attachment":"scroll","background-type":"","background-media":"","overlay-type":"","overlay-color":"","overlay-opacity":"","overlay-gradient":""},"tablet":{"background-color":"","background-image":"","background-repeat":"repeat","background-position":"center center","background-size":"auto","background-attachment":"scroll","background-type":"","background-media":"","overlay-type":"","overlay-color":"","overlay-opacity":"","overlay-gradient":""},"mobile":{"background-color":"","background-image":"","background-repeat":"repeat","background-position":"center center","background-size":"auto","background-attachment":"scroll","background-type":"","background-media":"","overlay-type":"","overlay-color":"","overlay-opacity":"","overlay-gradient":""}},"ast-content-background-meta":{"desktop":{"background-color":"var(--ast-global-color-4)","background-image":"","background-repeat":"repeat","background-position":"center center","background-size":"auto","background-attachment":"scroll","background-type":"","background-media":"","overlay-type":"","overlay-color":"","overlay-opacity":"","overlay-gradient":""},"tablet":{"background-color":"var(--ast-global-color-4)","background-image":"","background-repeat":"repeat","background-position":"center center","background-size":"auto","background-attachment":"scroll","background-type":"","background-media":"","overlay-type":"","overlay-color":"","overlay-opacity":"","overlay-gradient":""},"mobile":{"background-color":"var(--ast-global-color-4)","background-image":"","background-repeat":"repeat","background-position":"center center","background-size":"auto","background-attachment":"scroll","background-type":"","background-media":"","overlay-type":"","overlay-color":"","overlay-opacity":"","overlay-gradient":""}}},"product_brand":[],"product_cat":[28],"product_tag":[],"class_list":{"0":"post-192","1":"product","2":"type-product","3":"status-publish","4":"has-post-thumbnail","6":"product_cat-antigel","7":"desktop-align-left","8":"tablet-align-left","9":"mobile-align-left","11":"first","12":"instock","13":"sale","14":"shipping-taxable","15":"purchasable","16":"product-type-simple"},"jetpack_sharing_enabled":true,"_links":{"self":[{"href":"https:\/\/dnexpert.site\/index.php\/wp-json\/wp\/v2\/product\/192","targetHints":{"allow":["GET"]}}],"collection":[{"href":"https:\/\/dnexpert.site\/index.php\/wp-json\/wp\/v2\/product"}],"about":[{"href":"https:\/\/dnexpert.site\/index.php\/wp-json\/wp\/v2\/types\/product"}],"replies":[{"embeddable":true,"href":"https:\/\/dnexpert.site\/index.php\/wp-json\/wp\/v2\/comments?post=192"}],"wp:featuredmedia":[{"embeddable":true,"href":"https:\/\/dnexpert.site\/index.php\/wp-json\/wp\/v2\/media\/193"}],"wp:attachment":[{"href":"https:\/\/dnexpert.site\/index.php\/wp-json\/wp\/v2\/media?parent=192"}],"wp:term":[{"taxonomy":"product_brand","embeddable":true,"href":"https:\/\/dnexpert.site\/index.php\/wp-json\/wp\/v2\/product_brand?post=192"},{"taxonomy":"product_cat","embeddable":true,"href":"https:\/\/dnexpert.site\/index.php\/wp-json\/wp\/v2\/product_cat?post=192"},{"taxonomy":"product_tag","embeddable":true,"href":"https:\/\/dnexpert.site\/index.php\/wp-json\/wp\/v2\/product_tag?post=192"}],"curies":[{"name":"wp","href":"https:\/\/api.w.org\/{rel}","templated":true}]}}