{"id":182,"date":"2026-01-04T16:45:17","date_gmt":"2026-01-04T16:45:17","guid":{"rendered":"http:\/\/dnexpert.site\/?post_type=product&#038;p=182"},"modified":"2026-01-04T16:45:17","modified_gmt":"2026-01-04T16:45:17","slug":"huile-moteur-castrol-edge-5w40-5l","status":"publish","type":"product","link":"https:\/\/dnexpert.site\/index.php\/product\/huile-moteur-castrol-edge-5w40-5l\/","title":{"rendered":"Huile moteur CASTROL Edge 5W40 5L"},"content":{"rendered":"<p>Les progr\u00e8s dans la technologie des moteurs ont conduit \u00e0 une augmentation des puissances et des rendements, qcuei signifie que les moteurs subissent plus que jamais des contraintes croissantes sous des pressions plus \u00e9lev\u00e9es. Le lubrifiant est le seul \u00e9l\u00e9ment qui s\u00e9pare les surfaces en mouvement, aussi doit-il poss\u00e9der en permanence unsoelide r\u00e9sistance \u00e0 toute \u00e9preuve.<\/p>\n<p>Castrol EDGE est la gamme de lubrifiants moteur la plus \u00e9volu\u00e9e d\u00e9velopp\u00e9e par Castrol \u00e0 ce jour Castrol EDGE avec Fluid Strength TechnologyTM est la gamme de lubrifiants moteur la plus \u00e9volu\u00e9e d\u00e9velopp\u00e9e par Castrol \u00e0 ce jours .<\/p>\n<p>Castrol EDGE \u2013 r\u00e9duit la friction et maximalise la performance du moteur.<\/p>\n<p>Castrol EDGE Turbo Diesel 5W-40est approuv\u00e9 pour les moteurs du groupe VW \u00e9quip\u00e9s d\u2019injecteurs-pompes entretenus selon le programme d\u2019entretien fixe qui exige la sp\u00e9cification VW 505 01.<\/p>\n<p>Gr\u00e2ce \u00e0 TITANIUM FST la r\u00e9sistance du film lubrifiant est double, pr\u00e9venant ainsi les ruptures du film et r\u00e9duisant les frottements internes .<\/p>\n<p>Castrol EDGE avec TITANIUM FST Pour tirer le meilleur parti de votre moteur<\/p>\n","protected":false},"excerpt":{"rendered":"<p>Les progr\u00e8s dans la technologie des moteurs ont conduit \u00e0 une augmentation des puissances et des rendements, qcuei signifie que les moteurs subissent plus que jamais des contraintes croissantes sous des pressions plus \u00e9lev\u00e9es. Le lubrifiant est le seul \u00e9l\u00e9ment qui s\u00e9pare les surfaces en mouvement, aussi doit-il poss\u00e9der en permanence unsoelide r\u00e9sistance \u00e0 toute \u00e9preuve.<\/p>\n","protected":false},"featured_media":183,"comment_status":"open","ping_status":"closed","template":"","meta":{"site-sidebar-layout":"default","site-content-layout":"","ast-site-content-layout":"default","site-content-style":"default","site-sidebar-style":"default","ast-global-header-display":"","ast-banner-title-visibility":"","ast-main-header-display":"","ast-hfb-above-header-display":"","ast-hfb-below-header-display":"","ast-hfb-mobile-header-display":"","site-post-title":"","ast-breadcrumbs-content":"","ast-featured-img":"","footer-sml-layout":"","ast-disable-related-posts":"","theme-transparent-header-meta":"default","adv-header-id-meta":"","stick-header-meta":"","header-above-stick-meta":"","header-main-stick-meta":"","header-below-stick-meta":"","astra-migrate-meta-layouts":"set","ast-page-background-enabled":"default","ast-page-background-meta":{"desktop":{"background-color":"var(--ast-global-color-5)","background-image":"","background-repeat":"repeat","background-position":"center center","background-size":"auto","background-attachment":"scroll","background-type":"","background-media":"","overlay-type":"","overlay-color":"","overlay-opacity":"","overlay-gradient":""},"tablet":{"background-color":"","background-image":"","background-repeat":"repeat","background-position":"center center","background-size":"auto","background-attachment":"scroll","background-type":"","background-media":"","overlay-type":"","overlay-color":"","overlay-opacity":"","overlay-gradient":""},"mobile":{"background-color":"","background-image":"","background-repeat":"repeat","background-position":"center center","background-size":"auto","background-attachment":"scroll","background-type":"","background-media":"","overlay-type":"","overlay-color":"","overlay-opacity":"","overlay-gradient":""}},"ast-content-background-meta":{"desktop":{"background-color":"var(--ast-global-color-4)","background-image":"","background-repeat":"repeat","background-position":"center center","background-size":"auto","background-attachment":"scroll","background-type":"","background-media":"","overlay-type":"","overlay-color":"","overlay-opacity":"","overlay-gradient":""},"tablet":{"background-color":"var(--ast-global-color-4)","background-image":"","background-repeat":"repeat","background-position":"center center","background-size":"auto","background-attachment":"scroll","background-type":"","background-media":"","overlay-type":"","overlay-color":"","overlay-opacity":"","overlay-gradient":""},"mobile":{"background-color":"var(--ast-global-color-4)","background-image":"","background-repeat":"repeat","background-position":"center center","background-size":"auto","background-attachment":"scroll","background-type":"","background-media":"","overlay-type":"","overlay-color":"","overlay-opacity":"","overlay-gradient":""}}},"product_brand":[],"product_cat":[27],"product_tag":[],"class_list":{"0":"post-182","1":"product","2":"type-product","3":"status-publish","4":"has-post-thumbnail","6":"product_cat-huile-moteur","7":"desktop-align-left","8":"tablet-align-left","9":"mobile-align-left","11":"first","12":"instock","13":"sale","14":"shipping-taxable","15":"purchasable","16":"product-type-simple"},"jetpack_sharing_enabled":true,"_links":{"self":[{"href":"https:\/\/dnexpert.site\/index.php\/wp-json\/wp\/v2\/product\/182","targetHints":{"allow":["GET"]}}],"collection":[{"href":"https:\/\/dnexpert.site\/index.php\/wp-json\/wp\/v2\/product"}],"about":[{"href":"https:\/\/dnexpert.site\/index.php\/wp-json\/wp\/v2\/types\/product"}],"replies":[{"embeddable":true,"href":"https:\/\/dnexpert.site\/index.php\/wp-json\/wp\/v2\/comments?post=182"}],"wp:featuredmedia":[{"embeddable":true,"href":"https:\/\/dnexpert.site\/index.php\/wp-json\/wp\/v2\/media\/183"}],"wp:attachment":[{"href":"https:\/\/dnexpert.site\/index.php\/wp-json\/wp\/v2\/media?parent=182"}],"wp:term":[{"taxonomy":"product_brand","embeddable":true,"href":"https:\/\/dnexpert.site\/index.php\/wp-json\/wp\/v2\/product_brand?post=182"},{"taxonomy":"product_cat","embeddable":true,"href":"https:\/\/dnexpert.site\/index.php\/wp-json\/wp\/v2\/product_cat?post=182"},{"taxonomy":"product_tag","embeddable":true,"href":"https:\/\/dnexpert.site\/index.php\/wp-json\/wp\/v2\/product_tag?post=182"}],"curies":[{"name":"wp","href":"https:\/\/api.w.org\/{rel}","templated":true}]}}