{"id":172,"date":"2026-01-04T16:38:28","date_gmt":"2026-01-04T16:38:28","guid":{"rendered":"http:\/\/dnexpert.site\/?post_type=product&#038;p=172"},"modified":"2026-01-04T16:38:28","modified_gmt":"2026-01-04T16:38:28","slug":"liqui-moly-nettoyant-previdnage-engine-flush-300ml","status":"publish","type":"product","link":"https:\/\/dnexpert.site\/index.php\/product\/liqui-moly-nettoyant-previdnage-engine-flush-300ml\/","title":{"rendered":"Liqui Moly Nettoyant Pr\u00e9vidnage (Engine Flush) &#8211; 300ml"},"content":{"rendered":"<p>Le nettoyant previdangeNettoie l&#8217;ensemble du circuit d&#8217;huile moteur et dissout tout type de d\u00e9pot (boue, gomme, vernis), il maintien les depots en suspension dans l&#8217;huile afin qu&#8217;ils soient \u00e9vacu\u00e9s lors de la vidange . Il assure une circulation optimale de l&#8217;huile dans le moteur. Un flacon de 300ml suffit pour jusqu&#8217;\u00e0 6 litres d&#8217;huile. \u00a0Convient au moteurs essences et diesel. Verser dans le moteur chaud avant la vidange d&#8217;huile. Laisser tourner le moteur pendant 5 \u00e0 10 minutes au ralenti. Couper ensuite le moteur, changer le filtre et vidanger l&#8217;huile<\/p>\n<p><strong>PRINCIPALES CARACT\u00c9RISTIQUES<\/strong><\/p>\n<ul>\n<li>Lib\u00e9re l&#8217;int\u00e9rieure du moteur des d\u00e9pots et des r\u00e9sidus nuisible.<\/li>\n<li>Une puissance optimale du moteur est assur\u00e9e.<\/li>\n<li>n&#8217;attaque pas les mat\u00e9riaux d&#8217;\u00e9tanch\u00e9it\u00e9 courants<\/li>\n<li>compatible avec turbocompresseur et catalyseur<\/li>\n<li>rentabilit\u00e9 \u00e9lev\u00e9e &#8211; m\u00e9nage l&#8217;environnement<\/li>\n<\/ul>\n","protected":false},"excerpt":{"rendered":"<p>Le nettoyant previdangeNettoie l&#8217;ensemble du circuit d&#8217;huile moteur et dissout tout type de d\u00e9pot (boue, gomme, vernis), il maintien les [&hellip;]<\/p>\n","protected":false},"featured_media":173,"comment_status":"open","ping_status":"closed","template":"","meta":{"site-sidebar-layout":"default","site-content-layout":"","ast-site-content-layout":"default","site-content-style":"default","site-sidebar-style":"default","ast-global-header-display":"","ast-banner-title-visibility":"","ast-main-header-display":"","ast-hfb-above-header-display":"","ast-hfb-below-header-display":"","ast-hfb-mobile-header-display":"","site-post-title":"","ast-breadcrumbs-content":"","ast-featured-img":"","footer-sml-layout":"","ast-disable-related-posts":"","theme-transparent-header-meta":"default","adv-header-id-meta":"","stick-header-meta":"","header-above-stick-meta":"","header-main-stick-meta":"","header-below-stick-meta":"","astra-migrate-meta-layouts":"set","ast-page-background-enabled":"default","ast-page-background-meta":{"desktop":{"background-color":"var(--ast-global-color-5)","background-image":"","background-repeat":"repeat","background-position":"center center","background-size":"auto","background-attachment":"scroll","background-type":"","background-media":"","overlay-type":"","overlay-color":"","overlay-opacity":"","overlay-gradient":""},"tablet":{"background-color":"","background-image":"","background-repeat":"repeat","background-position":"center center","background-size":"auto","background-attachment":"scroll","background-type":"","background-media":"","overlay-type":"","overlay-color":"","overlay-opacity":"","overlay-gradient":""},"mobile":{"background-color":"","background-image":"","background-repeat":"repeat","background-position":"center center","background-size":"auto","background-attachment":"scroll","background-type":"","background-media":"","overlay-type":"","overlay-color":"","overlay-opacity":"","overlay-gradient":""}},"ast-content-background-meta":{"desktop":{"background-color":"var(--ast-global-color-4)","background-image":"","background-repeat":"repeat","background-position":"center center","background-size":"auto","background-attachment":"scroll","background-type":"","background-media":"","overlay-type":"","overlay-color":"","overlay-opacity":"","overlay-gradient":""},"tablet":{"background-color":"var(--ast-global-color-4)","background-image":"","background-repeat":"repeat","background-position":"center center","background-size":"auto","background-attachment":"scroll","background-type":"","background-media":"","overlay-type":"","overlay-color":"","overlay-opacity":"","overlay-gradient":""},"mobile":{"background-color":"var(--ast-global-color-4)","background-image":"","background-repeat":"repeat","background-position":"center center","background-size":"auto","background-attachment":"scroll","background-type":"","background-media":"","overlay-type":"","overlay-color":"","overlay-opacity":"","overlay-gradient":""}}},"product_brand":[],"product_cat":[15],"product_tag":[],"class_list":{"0":"post-172","1":"product","2":"type-product","3":"status-publish","4":"has-post-thumbnail","6":"product_cat-additifs","7":"desktop-align-left","8":"tablet-align-left","9":"mobile-align-left","11":"first","12":"instock","13":"sale","14":"purchasable","15":"product-type-simple"},"jetpack_sharing_enabled":true,"_links":{"self":[{"href":"https:\/\/dnexpert.site\/index.php\/wp-json\/wp\/v2\/product\/172","targetHints":{"allow":["GET"]}}],"collection":[{"href":"https:\/\/dnexpert.site\/index.php\/wp-json\/wp\/v2\/product"}],"about":[{"href":"https:\/\/dnexpert.site\/index.php\/wp-json\/wp\/v2\/types\/product"}],"replies":[{"embeddable":true,"href":"https:\/\/dnexpert.site\/index.php\/wp-json\/wp\/v2\/comments?post=172"}],"wp:featuredmedia":[{"embeddable":true,"href":"https:\/\/dnexpert.site\/index.php\/wp-json\/wp\/v2\/media\/173"}],"wp:attachment":[{"href":"https:\/\/dnexpert.site\/index.php\/wp-json\/wp\/v2\/media?parent=172"}],"wp:term":[{"taxonomy":"product_brand","embeddable":true,"href":"https:\/\/dnexpert.site\/index.php\/wp-json\/wp\/v2\/product_brand?post=172"},{"taxonomy":"product_cat","embeddable":true,"href":"https:\/\/dnexpert.site\/index.php\/wp-json\/wp\/v2\/product_cat?post=172"},{"taxonomy":"product_tag","embeddable":true,"href":"https:\/\/dnexpert.site\/index.php\/wp-json\/wp\/v2\/product_tag?post=172"}],"curies":[{"name":"wp","href":"https:\/\/api.w.org\/{rel}","templated":true}]}}